{"id":2696,"date":"2025-04-10T13:01:25","date_gmt":"2025-04-10T13:01:25","guid":{"rendered":"https:\/\/lectoraatvoeding.nl\/?page_id=2696"},"modified":"2025-04-10T13:08:32","modified_gmt":"2025-04-10T13:08:32","slug":"dietetics-building-the-future","status":"publish","type":"page","link":"https:\/\/lectoraatvoeding.nl\/en\/dietetics-building-the-future","title":{"rendered":"Dietetics, building the future"},"content":{"rendered":"<p>Een succesvolle dieetbehandeling voor cli\u00ebnten met obesitas vraagt om het ontwikkelen en behouden van gezonde gewoonten. In het project \u2018Dietetics, building the future\u2019 ontwerpen en toetsen onderzoekers een praktische toolbox om te onderzoeken of deze de di\u00ebtist kan ondersteunen bij gepersonaliseerde behandelingen voor cli\u00ebnten met obesitas.<\/p>\n<p>Meer dan de helft van de cli\u00ebnten die naar di\u00ebtisten in de eerstelijnszorg worden verwezen, heeft obesitas. Veel van deze cli\u00ebnten behalen de gestelde behandeldoelen niet of stoppen voortijdig met de behandeling. Het is nog onduidelijk welke onderdelen van een dieetbehandeling echt effectief zijn.<\/p>\n<blockquote><p>De toolbox ondersteunt de di\u00ebtist bij het beantwoorden van de vraag: &#8216;Wat werkt, voor wie, waarom en onder welke omstandigheden?&#8217; Hierdoor kan de di\u00ebtist elke cli\u00ebnt de best passende behandeling bieden.<\/p><\/blockquote>\n<h2>Werkwijze<\/h2>\n<ul>\n<li>Onderzoekers bepalen op basis van literatuur, secundaire analyses van bestaande data en kwalitatief onderzoek bij di\u00ebtisten en cli\u00ebnten, welke onderdelen van een dieetbehandeling effectief zijn.<\/li>\n<li>Vervolgens ontwerpen ze samen met di\u00ebtisten en cli\u00ebnten een toolbox.<\/li>\n<li>In de laatste fase testen onderzoekers de toolbox en bijbehorende e-learning op haalbaarheid bij di\u00ebtisten en hun cli\u00ebnten, binnen de reguliere dieetbehandeling.<\/li>\n<\/ul>\n<h2>Maatschappelijke impact<\/h2>\n<p>Door beter inzicht te krijgen in de optimale mix van effectieve onderdelen van de dieetbehandeling en deze in de praktijk toe te passen, verwachten we dat de cli\u00ebnt beter geholpen wordt. Dit zou leiden tot meer tevredenheid over de behandeling, minder uitval, meer motivatie en uiteindelijk betere behandelresultaten, inclusief een betere kwaliteit van leven.<\/p>\n<h2>Link met onderwijs<\/h2>\n<p>De resultaten uit dit project worden opgenomen in het onderwijs aan toekomstige di\u00ebtisten. Ook doen voedingstudenten binnen dit project onderzoekservaring op tijdens hun (afstudeer)stage.<\/p>\n<h2>Verwachte resultaten\/producten<\/h2>\n<p>Dit onderzoek biedt inzicht in de effectieve onderdelen van een dieetbehandeling. Daarnaast levert het onderzoek een toolbox voor di\u00ebtisten, bestaande uit een mix van gepersonaliseerde en innovatieve interventies, waaronder e-health. Op basis van de gezondheids- en voedingsstatus, kennis van voeding, en gedragsmatige, psychologische, motivatie-, persoonlijke en contextuele factoren van een cli\u00ebnt stelt de di\u00ebtist hiermee een op maat gemaakte behandeling samen.<\/p>\n<h2>Projectteam HvA<\/h2>\n<ul>\n<li>Martinette Streppel<\/li>\n<li>Peter Weijs<\/li>\n<\/ul>\n<h2>Externe partners<\/h2>\n<ul>\n<li>Wageningen University &amp; Research (penvoerder)<\/li>\n<li>Erasmus MC<\/li>\n<li>Haagse Hogeschool<\/li>\n<li>Hanzehogeschool Groningen<\/li>\n<li>Hogeschool Arnhem en Nijmegen<\/li>\n<li>Nederlandse Vereniging van Di\u00ebtisten<\/li>\n<\/ul>","protected":false},"excerpt":{"rendered":"<p>Een succesvolle dieetbehandeling voor cli\u00ebnten met obesitas vraagt om het ontwikkelen en behouden van gezonde gewoonten. In het project \u2018Dietetics,&hellip;<\/p>","protected":false},"author":2,"featured_media":2697,"parent":0,"menu_order":0,"comment_status":"closed","ping_status":"closed","template":"","meta":{"footnotes":"","_links_to":"","_links_to_target":""},"class_list":["post-2696","page","type-page","status-publish","has-post-thumbnail","hentry"],"_links":{"self":[{"href":"https:\/\/lectoraatvoeding.nl\/en\/wp-json\/wp\/v2\/pages\/2696","targetHints":{"allow":["GET"]}}],"collection":[{"href":"https:\/\/lectoraatvoeding.nl\/en\/wp-json\/wp\/v2\/pages"}],"about":[{"href":"https:\/\/lectoraatvoeding.nl\/en\/wp-json\/wp\/v2\/types\/page"}],"author":[{"embeddable":true,"href":"https:\/\/lectoraatvoeding.nl\/en\/wp-json\/wp\/v2\/users\/2"}],"replies":[{"embeddable":true,"href":"https:\/\/lectoraatvoeding.nl\/en\/wp-json\/wp\/v2\/comments?post=2696"}],"version-history":[{"count":1,"href":"https:\/\/lectoraatvoeding.nl\/en\/wp-json\/wp\/v2\/pages\/2696\/revisions"}],"predecessor-version":[{"id":2699,"href":"https:\/\/lectoraatvoeding.nl\/en\/wp-json\/wp\/v2\/pages\/2696\/revisions\/2699"}],"wp:featuredmedia":[{"embeddable":true,"href":"https:\/\/lectoraatvoeding.nl\/en\/wp-json\/wp\/v2\/media\/2697"}],"wp:attachment":[{"href":"https:\/\/lectoraatvoeding.nl\/en\/wp-json\/wp\/v2\/media?parent=2696"}],"curies":[{"name":"wp","href":"https:\/\/api.w.org\/{rel}","templated":true}]}}